{"id":1824,"date":"2018-08-30T15:21:09","date_gmt":"2018-08-30T13:21:09","guid":{"rendered":"https:\/\/www.sorema.com\/poouurquoii-choisir-soreemaa-pour-vos-projets-de-refroidissement-deau-industriel\/"},"modified":"2018-10-19T10:00:26","modified_gmt":"2018-10-19T08:00:26","slug":"por-que-elegir-sorema-para-mis-proyectos-de-enfriamiento-de-agua-industrial","status":"publish","type":"page","link":"https:\/\/www.sorema.com\/es\/por-que-elegir-sorema-para-mis-proyectos-de-enfriamiento-de-agua-industrial\/","title":{"rendered":"\u00bfPor qu\u00e9 elegir Sorema para mis proyectos de enfriamiento de agua industrial?"},"content":{"rendered":"<h2>El enfriamiento certificado para sus procesos<\/h2>\n<p><img loading=\"lazy\" decoding=\"async\" class=\"size-medium wp-image-1644 alignright\" src=\"https:\/\/www.sorema.com\/wp-content\/uploads\/2018\/05\/groupe-eau-glace\u0301e-frigo-generateur-air-cascade-r404-r23-300x166.png\" alt=\"\" width=\"300\" height=\"166\" srcset=\"https:\/\/www.sorema.com\/wp-content\/uploads\/2018\/05\/groupe-eau-glace\u0301e-frigo-generateur-air-cascade-r404-r23-300x166.png 300w, https:\/\/www.sorema.com\/wp-content\/uploads\/2018\/05\/groupe-eau-glace\u0301e-frigo-generateur-air-cascade-r404-r23.png 435w\" sizes=\"auto, (max-width: 300px) 100vw, 300px\" \/><\/p>\n<p>Sorema lleva m\u00e1s de 50 a\u00f1os perfeccionando un know-how \u00fanico en el control de la temperatura de fluidos: estudio, concepci\u00f3n y fabricaci\u00f3n de enfriadores de agua industrial y cubetas de acumulaci\u00f3n de hielo para controlar la temperatura en procesos industriales, producci\u00f3n de agua alimentaria y enfriado de distintos tipos de intercambiadores o m\u00e1quinas.<\/p>\n<p>Creemos que nuestro deber es proponerle la soluci\u00f3n de enfriamiento m\u00e1s adecuada para cada proceso concreto proporcion\u00e1ndole la mayor rentabilidad posible. Para ello, nuestros ingenieros estudian y dise\u00f1an sistemas de enfriamiento de alto rendimiento adaptados a las necesidades espec\u00edficas de cada cliente.<\/p>\n<p><img loading=\"lazy\" decoding=\"async\" class=\"size-medium wp-image-1646 alignleft\" src=\"https:\/\/www.sorema.com\/wp-content\/uploads\/2018\/05\/refroidisseur-industriel-ris-c950-300x232.png\" alt=\"\" width=\"300\" height=\"232\" srcset=\"https:\/\/www.sorema.com\/wp-content\/uploads\/2018\/05\/refroidisseur-industriel-ris-c950-300x232.png 300w, https:\/\/www.sorema.com\/wp-content\/uploads\/2018\/05\/refroidisseur-industriel-ris-c950.png 310w\" sizes=\"auto, (max-width: 300px) 100vw, 300px\" \/><img loading=\"lazy\" decoding=\"async\" class=\"size-full wp-image-1648 alignnone\" src=\"https:\/\/www.sorema.com\/wp-content\/uploads\/2018\/05\/refroidisseur-industriel-ris-h-160.png\" alt=\"\" width=\"175\" height=\"240\" \/><\/p>\n<p>&nbsp;<\/p>\n<h2>Fabricante con sede en Cholet (Francia &#8211; Maine y Loira), nuestra experiencia nos permite ofrecer distintos tipos de enfriamiento de fluidos<\/h2>\n<p><img loading=\"lazy\" decoding=\"async\" class=\"size-medium wp-image-1650 alignleft\" style=\"font-size: 0.9rem;\" src=\"https:\/\/www.sorema.com\/wp-content\/uploads\/2018\/05\/echangeurs-skid-3-270x300.png\" alt=\"\" width=\"270\" height=\"300\" srcset=\"https:\/\/www.sorema.com\/wp-content\/uploads\/2018\/05\/echangeurs-skid-3-270x300.png 270w, https:\/\/www.sorema.com\/wp-content\/uploads\/2018\/05\/echangeurs-skid-3.png 275w\" sizes=\"auto, (max-width: 270px) 100vw, 270px\" \/><\/p>\n<ul>\n<li>Grupos de agua glicolada hasta -30\u00a0\u00b0C (aceites de silicona hasta -60\u00a0\u00b0C)<\/li>\n<li>Grupos de agua helada con dep\u00f3sito y llenado autom\u00e1tico<\/li>\n<li>Cubetas de acumulaci\u00f3n de hielo<\/li>\n<li>Torres de enfriamiento de agua<\/li>\n<li>Aerorrefrigeradores, dry-cooler<\/li>\n<li>Enfriadores de agua de mar<\/li>\n<li>Enfriadores antideflagrantes (normativas ATEX)<\/li>\n<li>M\u00f3dulos hidr\u00e1ulicos: skid con cubeta aislada, bombas e intercambiador<\/li>\n<\/ul>\n<p>&nbsp;<\/p>\n<p><img loading=\"lazy\" decoding=\"async\" class=\"size-medium wp-image-1652 alignright\" style=\"font-size: 0.9rem;\" src=\"https:\/\/www.sorema.com\/wp-content\/uploads\/2018\/05\/refroidisseur-industriel-ris-4-420-100-spe-300x253.png\" alt=\"\" width=\"300\" height=\"253\" srcset=\"https:\/\/www.sorema.com\/wp-content\/uploads\/2018\/05\/refroidisseur-industriel-ris-4-420-100-spe-300x253.png 300w, https:\/\/www.sorema.com\/wp-content\/uploads\/2018\/05\/refroidisseur-industriel-ris-4-420-100-spe.png 361w\" sizes=\"auto, (max-width: 300px) 100vw, 300px\" \/>Enfriar una mezcladora de doble envoltura, un autoclave, una termoformadora, una extrusora o un cubeta de salmuera, \u00e1cido o pintura&#8230; son algunas de las aplicaciones que analiza y desarrolla nuestro Departamento de estudios.<\/p>\n<p><img loading=\"lazy\" decoding=\"async\" class=\"alignnone size-medium wp-image-1654\" src=\"https:\/\/www.sorema.com\/wp-content\/uploads\/2018\/05\/refroidisseur-industriel-ris-h-950-100-285x300.png\" alt=\"\" width=\"285\" height=\"300\" srcset=\"https:\/\/www.sorema.com\/wp-content\/uploads\/2018\/05\/refroidisseur-industriel-ris-h-950-100-285x300.png 285w, https:\/\/www.sorema.com\/wp-content\/uploads\/2018\/05\/refroidisseur-industriel-ris-h-950-100.png 290w\" sizes=\"auto, (max-width: 285px) 100vw, 285px\" \/><\/p>\n<p>&nbsp;<\/p>\n<h2>Dos ofertas que garantizan un rendimiento superior<\/h2>\n<p>SOREMA ofrece soluciones tanto con materiales \u00abest\u00e1ndar\u00bb como \u00abespec\u00edficos\u00bb para que no tenga que replantear sus procesos o sus productos.<\/p>\n<p>&nbsp;<\/p>\n<h2>Un servicio proactivo<\/h2>\n<p>Le asesoramos e impulsamos su desarrollo de la manera m\u00e1s competente posible.<\/p>\n<p>&nbsp;<\/p>\n<h2>La capacidad de anticipaci\u00f3n y de dise\u00f1o para un mayor rendimiento<\/h2>\n<p>Aportar, gracias a nuestra oficina de proyectos y de investigaci\u00f3n, la respuesta adaptada a su evoluci\u00f3n.<\/p>\n<p>&nbsp;<\/p>\n<h2>Un intercambio con expertos para una mayor seguridad<\/h2>\n<p>Garantizar un mantenimiento riguroso con una correcta comunicaci\u00f3n con el servicio t\u00e9cnico.<\/p>\n<p>&nbsp;<\/p>\n<h2>Sentido de la responsabilidad para ofrecer una mayor calidad<\/h2>\n<p>Preservar y respetar el medioambiente mediante un reciclaje continuo de los fluidos y el desarrollo de soluciones de reciclaje de energ\u00eda.<\/p>\n<p>&nbsp;<\/p>\n<h2>Un equipo altamente cualificado para ofrecer un nivel de tecnicismo profundo<\/h2>\n<p>Para disponer de los mejores elementos el d\u00eda de ma\u00f1ana, debemos insistir en la formaci\u00f3n de nuestros equipos desde el presente. SOREMA cuenta con las certificaciones \u00abQualifroid\u00bb y \u00abQualiclima\u00bb.<\/p>\n","protected":false},"excerpt":{"rendered":"<p>El enfriamiento certificado para sus procesos Sorema lleva m\u00e1s de 50 a\u00f1os perfeccionando un know-how \u00fanico en el control de la temperatura de fluidos: estudio, concepci\u00f3n y fabricaci\u00f3n de enfriadores&#8230;<\/p>\n","protected":false},"author":1,"featured_media":0,"parent":0,"menu_order":0,"comment_status":"closed","ping_status":"closed","template":"page_defaut_refroidisseurs.php","meta":{"footnotes":""},"class_list":["post-1824","page","type-page","status-publish","hentry"],"_links":{"self":[{"href":"https:\/\/www.sorema.com\/es\/wp-json\/wp\/v2\/pages\/1824","targetHints":{"allow":["GET"]}}],"collection":[{"href":"https:\/\/www.sorema.com\/es\/wp-json\/wp\/v2\/pages"}],"about":[{"href":"https:\/\/www.sorema.com\/es\/wp-json\/wp\/v2\/types\/page"}],"author":[{"embeddable":true,"href":"https:\/\/www.sorema.com\/es\/wp-json\/wp\/v2\/users\/1"}],"replies":[{"embeddable":true,"href":"https:\/\/www.sorema.com\/es\/wp-json\/wp\/v2\/comments?post=1824"}],"version-history":[{"count":3,"href":"https:\/\/www.sorema.com\/es\/wp-json\/wp\/v2\/pages\/1824\/revisions"}],"predecessor-version":[{"id":2459,"href":"https:\/\/www.sorema.com\/es\/wp-json\/wp\/v2\/pages\/1824\/revisions\/2459"}],"wp:attachment":[{"href":"https:\/\/www.sorema.com\/es\/wp-json\/wp\/v2\/media?parent=1824"}],"curies":[{"name":"wp","href":"https:\/\/api.w.org\/{rel}","templated":true}]}}