{"id":1982,"date":"2018-09-17T12:29:49","date_gmt":"2018-09-17T10:29:49","guid":{"rendered":"https:\/\/www.sorema.com\/la-empresa\/"},"modified":"2023-10-05T17:44:55","modified_gmt":"2023-10-05T15:44:55","slug":"la-empresa","status":"publish","type":"page","link":"https:\/\/www.sorema.com\/es\/la-empresa\/","title":{"rendered":"La empresa"},"content":{"rendered":"<h2>SOREMA, enfriamiento certificado para sus procesos<\/h2>\n<div class=\"su-row\">\n<div class=\"su-column su-column-size-2-3\"><div class=\"su-column-inner su-u-clearfix su-u-trim\">\n<p><strong>Sorema lleva m\u00e1s de 60 a\u00f1os perfeccionando un know-how \u00fanico en el control de la temperatura: estudio, concepci\u00f3n y fabricaci\u00f3n de enfriadores de agua industrial, cubetas de acumulaci\u00f3n de hielo, producci\u00f3n de agua helada alimentaria y una gama de enfriadores, congeladores y c\u00e1maras clim\u00e1ticas para laboratorios.<\/strong><\/p>\n<p>Creemos que nuestro deber es proponerle la soluci\u00f3n de enfriamiento m\u00e1s adecuada para cada proceso concreto proporcion\u00e1ndole la mayor rentabilidad posible. Para ello, nuestros ingenieros estudian y dise\u00f1an sistemas de enfriamiento de alto rendimiento adaptados a las necesidades espec\u00edficas de cada cliente.<\/p>\n<\/div><\/div>\n<div class=\"su-column su-column-size-1-3\"><div class=\"su-column-inner su-u-clearfix su-u-trim\">\n<p><a href=\"https:\/\/www.sorema.com\/es\/presentacion-e-historia-de-sorema\/\"><img loading=\"lazy\" decoding=\"async\" class=\"alignnone wp-image-1583\" src=\"https:\/\/www.sorema.com\/wp-content\/uploads\/2018\/05\/sorema_entreprise-300x117.jpg\" alt=\"\" width=\"280\" height=\"110\" srcset=\"https:\/\/www.sorema.com\/wp-content\/uploads\/2018\/05\/sorema_entreprise-300x117.jpg 300w, https:\/\/www.sorema.com\/wp-content\/uploads\/2018\/05\/sorema_entreprise-768x301.jpg 768w, https:\/\/www.sorema.com\/wp-content\/uploads\/2018\/05\/sorema_entreprise.jpg 920w\" sizes=\"auto, (max-width: 280px) 100vw, 280px\" \/><\/a><a class=\"bt_histoire\" href=\"https:\/\/www.sorema.com\/es\/presentacion-e-historia-de-sorema\/\">Descubra la historia de SOREMA<\/a><\/p>\n<\/div><\/div>\n<\/div>\n<p>Fabricante con sede en Cholet (Francia &#8211; Maine y Loira), nuestra experiencia nos permite ofrecer distintos tipos de <strong>sistemas de enfriamiento para procesos industriales:<\/strong><\/p>\n<p>&#8211; Grupo de agua glicolada hasta -30\u00a0\u00b0C (aceites de silicona hasta -60\u00a0\u00b0C)<br \/>\n&#8211; Grupo de agua helada con dep\u00f3sito y bomba<br \/>\n&#8211; Cubeta de acumulaci\u00f3n de hielo<br \/>\n&#8211; Torre de enfriamiento de agua<br \/>\n&#8211; Aerorrefrigerador, dry-cooler<br \/>\n&#8211; Enfriador de agua de mar<br \/>\n&#8211; Enfriador antideflagrante (normativas ATEX)<br \/>\n&#8211; M\u00f3dulo hidr\u00e1ulico: skid con cubeta aislada, bombas e intercambiador<\/p>\n<p><strong>Para el laboratorio:<\/strong><\/p>\n<p>&#8211; Enfriador<br \/>\n&#8211; Congelador de -20 \u00baC a -80 \u00b0C<br \/>\n&#8211; Banco de sangre refrigerada<br \/>\n&#8211; Incubadora<\/p>\n<div class=\"su-row\">\n<div class=\"su-column su-column-size-1-3\"><div class=\"su-column-inner su-u-clearfix su-u-trim\">\n<a href=\"https:\/\/www.sorema.com\/es\/material-de-panaderia-sorema\/\"><img loading=\"lazy\" decoding=\"async\" class=\"wp-image-846 size-medium aligncenter\" src=\"https:\/\/www.sorema.com\/wp-content\/uploads\/2018\/05\/Materiel-de-boulangerie-300x164.jpg\" alt=\"\" width=\"300\" height=\"164\" \/><\/a><\/p>\n<h2 class=\"h2_mobile\">Material<br \/>\nde panader\u00eda<\/h2>\n<p>Una gama de enfriadores de agua y dosificadores de agua alimentaria para panader\u00eda artesanal, industrial e industria agroalimentaria.<\/p>\n<p><a class=\"bt more_gris\" href=\"https:\/\/www.sorema.com\/es\/material-de-panaderia-sorema\/\">M\u00e1s informaci\u00f3n<\/a><\/p>\n<\/div><\/div>\n<div class=\"su-column su-column-size-1-3\"><div class=\"su-column-inner su-u-clearfix su-u-trim\">\n<a href=\"https:\/\/www.sorema.com\/es\/enfriadores-de-agua-y-procesos\/\"><img loading=\"lazy\" decoding=\"async\" class=\"wp-image-848 size-medium aligncenter\" src=\"https:\/\/www.sorema.com\/wp-content\/uploads\/2018\/05\/Refroidisseurs-eau-et-process-300x164.jpg\" alt=\"\" width=\"300\" height=\"164\" \/><\/a><\/p>\n<h2 class=\"h2_mobile\">Enfriadores de<br \/>\nagua y procesos<\/h2>\n<p><a href=\"https:\/\/www.sorema.com\/es\/gamme\/enfriadores-de-agua-y-procesos\/enfriadores-de-agua-estandar\/\">Enfriadores industriales de agua est\u00e1ndar<\/a> para todo tipo de actividades y el desarrollo de procesos de fr\u00edo industrial a medida.<\/p>\n<p><a class=\"bt more_gris\" href=\"https:\/\/www.sorema.com\/es\/enfriadores-de-agua-y-procesos\/\">M\u00e1s informaci\u00f3n<\/a><\/p>\n<\/div><\/div>\n<div class=\"su-column su-column-size-1-3\"><div class=\"su-column-inner su-u-clearfix su-u-trim\">\n<a href=\"https:\/\/www.sorema.com\/es\/armarios-biomedicos\/\"><img loading=\"lazy\" decoding=\"async\" class=\"wp-image-850 size-medium aligncenter\" src=\"https:\/\/www.sorema.com\/wp-content\/uploads\/2018\/05\/Armoires-bio-medicales-300x164.jpg\" alt=\"\" width=\"300\" height=\"164\" \/><\/a><\/p>\n<h2 class=\"h2_mobile\">Armarios frigor\u00edficos<br \/>\nbiom\u00e9dicos<\/h2>\n<p>Gama de materiales espec\u00edficamente destinados a hospitales, farmacias y laboratorios.<\/p>\n<p><a class=\"bt more_gris\" href=\"https:\/\/www.sorema.com\/es\/armarios-biomedicos\/\">M\u00e1s informaci\u00f3n<\/a><\/p>\n<\/div><\/div>\n<\/div>\n","protected":false},"excerpt":{"rendered":"<p>SOREMA, enfriamiento certificado para sus procesos Fabricante con sede en Cholet (Francia &#8211; Maine y Loira), nuestra experiencia nos permite ofrecer distintos tipos de sistemas de enfriamiento para procesos industriales:&#8230;<\/p>\n","protected":false},"author":1,"featured_media":0,"parent":0,"menu_order":0,"comment_status":"closed","ping_status":"closed","template":"","meta":{"footnotes":""},"class_list":["post-1982","page","type-page","status-publish","hentry"],"_links":{"self":[{"href":"https:\/\/www.sorema.com\/es\/wp-json\/wp\/v2\/pages\/1982","targetHints":{"allow":["GET"]}}],"collection":[{"href":"https:\/\/www.sorema.com\/es\/wp-json\/wp\/v2\/pages"}],"about":[{"href":"https:\/\/www.sorema.com\/es\/wp-json\/wp\/v2\/types\/page"}],"author":[{"embeddable":true,"href":"https:\/\/www.sorema.com\/es\/wp-json\/wp\/v2\/users\/1"}],"replies":[{"embeddable":true,"href":"https:\/\/www.sorema.com\/es\/wp-json\/wp\/v2\/comments?post=1982"}],"version-history":[{"count":2,"href":"https:\/\/www.sorema.com\/es\/wp-json\/wp\/v2\/pages\/1982\/revisions"}],"predecessor-version":[{"id":291427,"href":"https:\/\/www.sorema.com\/es\/wp-json\/wp\/v2\/pages\/1982\/revisions\/291427"}],"wp:attachment":[{"href":"https:\/\/www.sorema.com\/es\/wp-json\/wp\/v2\/media?parent=1982"}],"curies":[{"name":"wp","href":"https:\/\/api.w.org\/{rel}","templated":true}]}}