{"id":1985,"date":"2018-09-17T12:30:41","date_gmt":"2018-09-17T10:30:41","guid":{"rendered":"https:\/\/www.sorema.com\/por-que-elegir-sorema-para-mis-proyectos-de-material-de-panaderia\/"},"modified":"2018-09-17T17:17:27","modified_gmt":"2018-09-17T15:17:27","slug":"por-que-elegir-sorema-para-mis-proyectos-de-material-de-panaderia","status":"publish","type":"page","link":"https:\/\/www.sorema.com\/es\/por-que-elegir-sorema-para-mis-proyectos-de-material-de-panaderia\/","title":{"rendered":"\u00bfPor qu\u00e9 elegir Sorema para mis proyectos de material de panader\u00eda?"},"content":{"rendered":"<h2>Un know-how adquirido a lo largo de 60 a\u00f1os<\/h2>\n<p>Un fabricante consolidado y l\u00edder en el sector del fr\u00edo desde hace 50 a\u00f1os: SOREMA destaca en el control de la temperatura del agua y de la dosificaci\u00f3n. Producir \u00abcalor\u00bb o \u00abfr\u00edo\u00bb, acumular hielo, estabilizar la temperatura&#8230; Todas estas operaciones esenciales han llevado a SOREMA a perfeccionar su know-how y desarrollar diversos productos. Un gran n\u00famero de panader\u00edas ya ha confiado en el <a href=\"https:\/\/www.sorema.com\/es\/?page_id=1979\">material de panader\u00eda<\/a> de SOREMA y se han vendido m\u00e1s de 25\u00a0000 enfriadores en todo el mundo.<\/p>\n<h2>Capacidad de anticipaci\u00f3n y de dise\u00f1o para un mayor rendimiento<\/h2>\n<p>La oficina de proyectos y de investigaci\u00f3n de SOREMA se encargar\u00e1 de encontrar la respuesta adaptada a su evoluci\u00f3n. SOREMA contin\u00faa innovando para responder a las exigencias de cada sector de la manera m\u00e1s eficaz. Como miembro de EKIP (sindicato de fabricantes de material de panader\u00eda), SOREMA permanece constantemente en contacto con los profesionales del sector de la panader\u00eda. Los equipos comerciales locales transmiten todos los detalles de los intercambios con los distribuidores. SOREMA desarrolla enfriadores y dosificadores teniendo siempre en cuenta el rendimiento, la higiene, el dise\u00f1o y la ergonom\u00eda.<\/p>\n<h2>Fabricaci\u00f3n francesa<\/h2>\n<p>SOREMA dispone de un taller en Cholet donde se ensamblan todos los componentes, previamente seleccionados entre los mejores proveedores. SOREMA concibe y fabrica por completo sus productos. Para trabajar de una manera m\u00e1s eficaz y activa, nuestra empresa conf\u00eda en el know-how de colaboradores establecidos en la regi\u00f3n. La fabricaci\u00f3n en serie permite a SOREMA alcanzar objetivos de precio y calidad. La flexibilidad es una ventaja para adaptarse a las demandas o plazos espec\u00edficos.<\/p>\n<h2>Un equipo proactivo<\/h2>\n<p>SOREMA cuenta con un equipo cualificado y familiarizado con las t\u00e9cnicas m\u00e1s punteras de concepci\u00f3n, fabricaci\u00f3n, investigaci\u00f3n y desarrollo, mantenimiento de instalaciones frigor\u00edficas de procesos o de reciclaje de energ\u00eda. La experiencia de nuestro equipo nos permite garantizar instalaciones de calidad, fiables y de alto rendimiento. El equipo de SOREMA se encuentra a su entera disposici\u00f3n para asesorarle y acompa\u00f1arle en el desarrollo de sus proyectos.<\/p>\n\n","protected":false},"excerpt":{"rendered":"<p>Un know-how adquirido a lo largo de 60 a\u00f1os Un fabricante consolidado y l\u00edder en el sector del fr\u00edo desde hace 50 a\u00f1os: SOREMA destaca en el control de la&#8230;<\/p>\n","protected":false},"author":1,"featured_media":0,"parent":0,"menu_order":0,"comment_status":"closed","ping_status":"closed","template":"page_defaut_boulangerie.php","meta":{"footnotes":""},"class_list":["post-1985","page","type-page","status-publish","hentry"],"_links":{"self":[{"href":"https:\/\/www.sorema.com\/es\/wp-json\/wp\/v2\/pages\/1985","targetHints":{"allow":["GET"]}}],"collection":[{"href":"https:\/\/www.sorema.com\/es\/wp-json\/wp\/v2\/pages"}],"about":[{"href":"https:\/\/www.sorema.com\/es\/wp-json\/wp\/v2\/types\/page"}],"author":[{"embeddable":true,"href":"https:\/\/www.sorema.com\/es\/wp-json\/wp\/v2\/users\/1"}],"replies":[{"embeddable":true,"href":"https:\/\/www.sorema.com\/es\/wp-json\/wp\/v2\/comments?post=1985"}],"version-history":[{"count":1,"href":"https:\/\/www.sorema.com\/es\/wp-json\/wp\/v2\/pages\/1985\/revisions"}],"predecessor-version":[{"id":2162,"href":"https:\/\/www.sorema.com\/es\/wp-json\/wp\/v2\/pages\/1985\/revisions\/2162"}],"wp:attachment":[{"href":"https:\/\/www.sorema.com\/es\/wp-json\/wp\/v2\/media?parent=1985"}],"curies":[{"name":"wp","href":"https:\/\/api.w.org\/{rel}","templated":true}]}}