{"id":1986,"date":"2018-09-17T12:30:52","date_gmt":"2018-09-17T10:30:52","guid":{"rendered":"https:\/\/www.sorema.com\/socios\/"},"modified":"2023-10-16T10:14:25","modified_gmt":"2023-10-16T08:14:25","slug":"socios","status":"publish","type":"page","link":"https:\/\/www.sorema.com\/es\/socios\/","title":{"rendered":"Socios"},"content":{"rendered":"\n<div class=\"wp-block-columns is-layout-flex wp-container-core-columns-is-layout-9d6595d7 wp-block-columns-is-layout-flex\">\n<div class=\"wp-block-column is-layout-flow wp-block-column-is-layout-flow\"><div class=\"wp-block-image\">\n<figure class=\"aligncenter is-resized\"><img loading=\"lazy\" decoding=\"async\" width=\"174\" height=\"60\" src=\"https:\/\/www.sorema.com\/wp-content\/uploads\/2018\/05\/logo-hitema.png\" alt=\"\" class=\"wp-image-1470\" style=\"aspect-ratio:2.9;width:168px;height:auto\"\/><\/figure>\n<\/div>\n\n\n<div style=\"height:16px\" aria-hidden=\"true\" class=\"wp-block-spacer\"><\/div>\n\n\n\n<p>Enfriadores de agua industriales, grupos de agua helada.<br><a href=\"http:\/\/www.hitema-france.fr\" target=\"_blank\" rel=\"noopener\">www.hitema-france.fr<\/a><\/p>\n<\/div>\n\n\n\n<div class=\"wp-block-column is-layout-flow wp-block-column-is-layout-flow\"><div class=\"wp-block-image\">\n<figure class=\"aligncenter is-resized\"><img loading=\"lazy\" decoding=\"async\" width=\"300\" height=\"133\" src=\"https:\/\/www.sorema.com\/wp-content\/uploads\/2018\/05\/logo-ziegra-grand-300x133.jpg\" alt=\"\" class=\"wp-image-532\" style=\"aspect-ratio:2.255639097744361;width:156px;height:auto\" srcset=\"https:\/\/www.sorema.com\/wp-content\/uploads\/2018\/05\/logo-ziegra-grand-300x133.jpg 300w, https:\/\/www.sorema.com\/wp-content\/uploads\/2018\/05\/logo-ziegra-grand.jpg 400w\" sizes=\"auto, (max-width: 300px) 100vw, 300px\" \/><\/figure>\n<\/div>\n\n\n<div style=\"height:16px\" aria-hidden=\"true\" class=\"wp-block-spacer\"><\/div>\n\n\n\n<p>M\u00e1quinas de hielo y almacenamiento de hielo (hielo picado, hielo l\u00edquido Streamice, etc.)<br><a href=\"http:\/\/www.ziegra.com\" target=\"_blank\" rel=\"noopener\">www.ziegra.com<\/a><\/p>\n<\/div>\n\n\n\n<div class=\"wp-block-column is-layout-flow wp-block-column-is-layout-flow\"><div class=\"wp-block-image\">\n<figure class=\"aligncenter is-resized\"><img loading=\"lazy\" decoding=\"async\" width=\"300\" height=\"114\" src=\"https:\/\/www.sorema.com\/wp-content\/uploads\/2018\/05\/logo-aria-grand-300x114.jpg\" alt=\"\" class=\"wp-image-534\" style=\"aspect-ratio:2.6315789473684212;width:168px;height:auto\" srcset=\"https:\/\/www.sorema.com\/wp-content\/uploads\/2018\/05\/logo-aria-grand-300x114.jpg 300w, https:\/\/www.sorema.com\/wp-content\/uploads\/2018\/05\/logo-aria-grand-768x293.jpg 768w, https:\/\/www.sorema.com\/wp-content\/uploads\/2018\/05\/logo-aria-grand.jpg 800w\" sizes=\"auto, (max-width: 300px) 100vw, 300px\" \/><\/figure>\n<\/div>\n\n\n<div style=\"height:16px\" aria-hidden=\"true\" class=\"wp-block-spacer\"><\/div>\n\n\n\n<p>Elevadores, enhornadores, silos para el almacenamiento, transporte y peso de las harinas.<br><a href=\"http:\/\/www.aria-constructeur.com\" target=\"_blank\" rel=\"noopener\">www.aria-constructeur.com<\/a><\/p>\n<\/div>\n<\/div>\n\n\n\n<div style=\"height:25px\" aria-hidden=\"true\" class=\"wp-block-spacer\"><\/div>\n\n\n\n<div class=\"wp-block-columns is-layout-flex wp-container-core-columns-is-layout-9d6595d7 wp-block-columns-is-layout-flex\">\n<div class=\"wp-block-column is-layout-flow wp-block-column-is-layout-flow\"><div class=\"wp-block-image\">\n<figure class=\"aligncenter is-resized\"><img loading=\"lazy\" decoding=\"async\" width=\"300\" height=\"151\" src=\"https:\/\/www.sorema.com\/wp-content\/uploads\/2018\/05\/logo-ekip-300x151.png\" alt=\"\" class=\"wp-image-537\" style=\"aspect-ratio:1.9867549668874172;width:178px;height:auto\"\/><\/figure>\n<\/div>\n\n\n<div style=\"height:16px\" aria-hidden=\"true\" class=\"wp-block-spacer\"><\/div>\n\n\n\n<p>Uni\u00f3n de fabricantes franceses de material de panader\u00eda y reposter\u00eda, m\u00e1quinas destinadas a la distribuci\u00f3n en Francia y a la exportaci\u00f3n.<br><a href=\"http:\/\/www.ekip.com\" target=\"_blank\" rel=\"noopener\">www.ekip.com<\/a><\/p>\n<\/div>\n\n\n\n<div class=\"wp-block-column is-layout-flow wp-block-column-is-layout-flow\"><div class=\"wp-block-image\">\n<figure class=\"aligncenter is-resized\"><img loading=\"lazy\" decoding=\"async\" width=\"300\" height=\"183\" src=\"https:\/\/www.sorema.com\/wp-content\/uploads\/2018\/05\/logo-geppia-300x183.jpg\" alt=\"\" class=\"wp-image-541\" style=\"aspect-ratio:1.639344262295082;width:150px;height:auto\" srcset=\"https:\/\/www.sorema.com\/wp-content\/uploads\/2018\/05\/logo-geppia-300x183.jpg 300w, https:\/\/www.sorema.com\/wp-content\/uploads\/2018\/05\/logo-geppia.jpg 400w\" sizes=\"auto, (max-width: 300px) 100vw, 300px\" \/><\/figure>\n<\/div>\n\n\n<div style=\"height:16px\" aria-hidden=\"true\" class=\"wp-block-spacer\"><\/div>\n\n\n\n<p>Agrupaci\u00f3n de fabricantes de equipos de proceso y envasado de las industrias agroalimentarias y no alimentarias.<br><a href=\"http:\/\/www.geppia.com\" target=\"_blank\" rel=\"noopener\">www.geppia.com<\/a><\/p>\n<\/div>\n\n\n\n<div class=\"wp-block-column is-layout-flow wp-block-column-is-layout-flow\"><\/div>\n<\/div>\n","protected":false},"excerpt":{"rendered":"<p>Enfriadores de agua industriales, grupos de agua helada.www.hitema-france.fr M\u00e1quinas de hielo y almacenamiento de hielo (hielo picado, hielo l\u00edquido Streamice, etc.)www.ziegra.com Elevadores, enhornadores, silos para el almacenamiento, transporte y peso&#8230;<\/p>\n","protected":false},"author":1,"featured_media":0,"parent":0,"menu_order":0,"comment_status":"closed","ping_status":"closed","template":"page_defaut_boulangerie.php","meta":{"footnotes":""},"class_list":["post-1986","page","type-page","status-publish","hentry"],"_links":{"self":[{"href":"https:\/\/www.sorema.com\/es\/wp-json\/wp\/v2\/pages\/1986","targetHints":{"allow":["GET"]}}],"collection":[{"href":"https:\/\/www.sorema.com\/es\/wp-json\/wp\/v2\/pages"}],"about":[{"href":"https:\/\/www.sorema.com\/es\/wp-json\/wp\/v2\/types\/page"}],"author":[{"embeddable":true,"href":"https:\/\/www.sorema.com\/es\/wp-json\/wp\/v2\/users\/1"}],"replies":[{"embeddable":true,"href":"https:\/\/www.sorema.com\/es\/wp-json\/wp\/v2\/comments?post=1986"}],"version-history":[{"count":3,"href":"https:\/\/www.sorema.com\/es\/wp-json\/wp\/v2\/pages\/1986\/revisions"}],"predecessor-version":[{"id":294453,"href":"https:\/\/www.sorema.com\/es\/wp-json\/wp\/v2\/pages\/1986\/revisions\/294453"}],"wp:attachment":[{"href":"https:\/\/www.sorema.com\/es\/wp-json\/wp\/v2\/media?parent=1986"}],"curies":[{"name":"wp","href":"https:\/\/api.w.org\/{rel}","templated":true}]}}