{"id":1987,"date":"2018-09-17T12:31:06","date_gmt":"2018-09-17T10:31:06","guid":{"rendered":"https:\/\/www.sorema.com\/nuestras-marcas\/"},"modified":"2018-10-04T17:43:58","modified_gmt":"2018-10-04T15:43:58","slug":"nuestras-marcas","status":"publish","type":"page","link":"https:\/\/www.sorema.com\/es\/nuestras-marcas\/","title":{"rendered":"Nuestras marcas"},"content":{"rendered":"<p><strong>SOREMA, especialista en fr\u00edo desde hace m\u00e1s de 60 a\u00f1os, le ofrece enfriadores adaptados a sus procesos y su entorno<\/strong> de su propia marca y gracias a su gama HITEMA. SOREMA tambi\u00e9n fabrica material de laboratorio, de la marca FACIS, y ofrece m\u00e1quinas de hielo ZIEGRA.<\/p>\n<p>&nbsp;<\/p>\n<p><img loading=\"lazy\" decoding=\"async\" class=\"alignleft wp-image-643\" src=\"https:\/\/www.sorema.com\/wp-content\/uploads\/2018\/05\/logo-sorema-grand-300x59.png\" alt=\"\" width=\"170\" height=\"34\" srcset=\"https:\/\/www.sorema.com\/wp-content\/uploads\/2018\/05\/logo-sorema-grand-300x59.png 300w, https:\/\/www.sorema.com\/wp-content\/uploads\/2018\/05\/logo-sorema-grand-768x152.png 768w, https:\/\/www.sorema.com\/wp-content\/uploads\/2018\/05\/logo-sorema-grand.png 784w\" sizes=\"auto, (max-width: 170px) 100vw, 170px\" \/>SOREMA, fabricante de enfriadores para panader\u00eda e industria, se ha consolidado como l\u00edder en el sector del fr\u00edo desde hace m\u00e1s de 60 a\u00f1os. <a href=\"https:\/\/www.sorema.com\/es\/nuestras-marcas\/sorema\/\">M\u00e1s informaci\u00f3n<\/a><\/p>\n<p>&nbsp;<\/p>\n<p><img loading=\"lazy\" decoding=\"async\" class=\"alignleft wp-image-1470\" src=\"https:\/\/www.sorema.com\/wp-content\/uploads\/2018\/05\/logo-hitema.png\" alt=\"\" width=\"170\" height=\"59\" \/>SOREMA es el distribuidor exclusivo de la gama de enfriadores de agua HITEMA para aplicaciones de enfriamiento de m\u00e1quinas y climatizaci\u00f3n.\u00a0<a href=\"https:\/\/www.sorema.com\/nos-marques\/hitema-2\/\">M\u00e1s informaci\u00f3n<\/a><\/p>\n<p>&nbsp;<\/p>\n<p><img loading=\"lazy\" decoding=\"async\" class=\"alignleft wp-image-646\" src=\"https:\/\/www.sorema.com\/wp-content\/uploads\/2018\/05\/logo-facis-grand-300x103.jpg\" alt=\"\" width=\"170\" height=\"59\" srcset=\"https:\/\/www.sorema.com\/wp-content\/uploads\/2018\/05\/logo-facis-grand-300x103.jpg 300w, https:\/\/www.sorema.com\/wp-content\/uploads\/2018\/05\/logo-facis-grand-768x264.jpg 768w, https:\/\/www.sorema.com\/wp-content\/uploads\/2018\/05\/logo-facis-grand-1024x353.jpg 1024w, https:\/\/www.sorema.com\/wp-content\/uploads\/2018\/05\/logo-facis-grand.jpg 1092w\" sizes=\"auto, (max-width: 170px) 100vw, 170px\" \/>FACIS es nuestra marca adaptada a equipos de conservaci\u00f3n de productos biom\u00e9dicos, como armarios refrigerados o c\u00e1maras clim\u00e1ticas para laboratorios.\u00a0<a href=\"https:\/\/www.sorema.com\/es\/nuestras-marcas\/facis\/\">M\u00e1s informaci\u00f3n<\/a><\/p>\n<p>&nbsp;<\/p>\n<p><img loading=\"lazy\" decoding=\"async\" class=\"alignleft wp-image-532\" src=\"https:\/\/www.sorema.com\/wp-content\/uploads\/2018\/05\/logo-ziegra-grand-300x133.jpg\" alt=\"\" width=\"170\" height=\"75\" srcset=\"https:\/\/www.sorema.com\/wp-content\/uploads\/2018\/05\/logo-ziegra-grand-300x133.jpg 300w, https:\/\/www.sorema.com\/wp-content\/uploads\/2018\/05\/logo-ziegra-grand.jpg 400w\" sizes=\"auto, (max-width: 170px) 100vw, 170px\" \/>SOREMA colabora con la marca alemana ZIEGRA para ofrecerle una gama completa de m\u00e1quinas de hielo triturado para numerosas aplicaciones en la industria alimentaria.<\/p>\n","protected":false},"excerpt":{"rendered":"<p>SOREMA, especialista en fr\u00edo desde hace m\u00e1s de 60 a\u00f1os, le ofrece enfriadores adaptados a sus procesos y su entorno de su propia marca y gracias a su gama HITEMA&#8230;.<\/p>\n","protected":false},"author":1,"featured_media":0,"parent":0,"menu_order":0,"comment_status":"closed","ping_status":"closed","template":"page_defaut_refroidisseurs.php","meta":{"footnotes":""},"class_list":["post-1987","page","type-page","status-publish","hentry"],"_links":{"self":[{"href":"https:\/\/www.sorema.com\/es\/wp-json\/wp\/v2\/pages\/1987","targetHints":{"allow":["GET"]}}],"collection":[{"href":"https:\/\/www.sorema.com\/es\/wp-json\/wp\/v2\/pages"}],"about":[{"href":"https:\/\/www.sorema.com\/es\/wp-json\/wp\/v2\/types\/page"}],"author":[{"embeddable":true,"href":"https:\/\/www.sorema.com\/es\/wp-json\/wp\/v2\/users\/1"}],"replies":[{"embeddable":true,"href":"https:\/\/www.sorema.com\/es\/wp-json\/wp\/v2\/comments?post=1987"}],"version-history":[{"count":5,"href":"https:\/\/www.sorema.com\/es\/wp-json\/wp\/v2\/pages\/1987\/revisions"}],"predecessor-version":[{"id":2357,"href":"https:\/\/www.sorema.com\/es\/wp-json\/wp\/v2\/pages\/1987\/revisions\/2357"}],"wp:attachment":[{"href":"https:\/\/www.sorema.com\/es\/wp-json\/wp\/v2\/media?parent=1987"}],"curies":[{"name":"wp","href":"https:\/\/api.w.org\/{rel}","templated":true}]}}