{"id":1996,"date":"2018-09-17T12:32:19","date_gmt":"2018-09-17T10:32:19","guid":{"rendered":"https:\/\/www.sorema.com\/nuestras-marcas\/sorema\/"},"modified":"2018-09-17T17:12:40","modified_gmt":"2018-09-17T15:12:40","slug":"sorema","status":"publish","type":"page","link":"https:\/\/www.sorema.com\/es\/nuestras-marcas\/sorema\/","title":{"rendered":"Sorema"},"content":{"rendered":"<h2>La marca Sorema<\/h2>\n<p><img loading=\"lazy\" decoding=\"async\" class=\"alignleft size-medium wp-image-643\" src=\"https:\/\/www.sorema.com\/wp-content\/uploads\/2018\/05\/logo-sorema-grand-300x59.png\" alt=\"\" width=\"300\" height=\"59\" srcset=\"https:\/\/www.sorema.com\/wp-content\/uploads\/2018\/05\/logo-sorema-grand-300x59.png 300w, https:\/\/www.sorema.com\/wp-content\/uploads\/2018\/05\/logo-sorema-grand-768x152.png 768w, https:\/\/www.sorema.com\/wp-content\/uploads\/2018\/05\/logo-sorema-grand.png 784w\" sizes=\"auto, (max-width: 300px) 100vw, 300px\" \/><strong>SOREMA, fabricante de enfriadores para panader\u00eda e industria, se ha consolidado como l\u00edder en el sector del fr\u00edo desde hace m\u00e1s de 60 a\u00f1os.<\/strong><\/p>\n<p>El fabricante de enfriadores y dosificadores de agua para la industria agroalimentaria (panader\u00eda, platos precocinados, etc.) y de enfriadores para m\u00e1quinas y procesos (autoclaves, mezcladoras de doble envoltura, m\u00e1quinas de transformaci\u00f3n de pl\u00e1sticos, soldadura, etc.) SOREMA desarrolla estudios espec\u00edficos de enfriamiento de procesos y garantiza el control de la temperatura de fluidos.<\/p>\n<p>SOREMA analiza permanentemente las problem\u00e1ticas del enfriamiento en procesos que requieren agua refrigerada a una temperatura controlada o para ahorrar y reciclar agua en bucle (por ejemplo, enfriamiento de m\u00e1quinas de envasado).<\/p>\n<h2>Descubra los productos de la marca Sorema<\/h2>\n<p><a href=\"https:\/\/www.sorema.com\/es\/?page_id=1979\">Material de panader\u00eda<\/a><br \/>\n<a href=\"https:\/\/www.sorema.com\/es\/gamme\/panaderia-industrial\/enfriadores-de-agua-industriales\/\">Enfriador de agua industrial<\/a><\/p>\n","protected":false},"excerpt":{"rendered":"<p>La marca Sorema SOREMA, fabricante de enfriadores para panader\u00eda e industria, se ha consolidado como l\u00edder en el sector del fr\u00edo desde hace m\u00e1s de 60 a\u00f1os. El fabricante de&#8230;<\/p>\n","protected":false},"author":1,"featured_media":0,"parent":1987,"menu_order":0,"comment_status":"closed","ping_status":"closed","template":"page_defaut_refroidisseurs.php","meta":{"footnotes":""},"class_list":["post-1996","page","type-page","status-publish","hentry"],"_links":{"self":[{"href":"https:\/\/www.sorema.com\/es\/wp-json\/wp\/v2\/pages\/1996","targetHints":{"allow":["GET"]}}],"collection":[{"href":"https:\/\/www.sorema.com\/es\/wp-json\/wp\/v2\/pages"}],"about":[{"href":"https:\/\/www.sorema.com\/es\/wp-json\/wp\/v2\/types\/page"}],"author":[{"embeddable":true,"href":"https:\/\/www.sorema.com\/es\/wp-json\/wp\/v2\/users\/1"}],"replies":[{"embeddable":true,"href":"https:\/\/www.sorema.com\/es\/wp-json\/wp\/v2\/comments?post=1996"}],"version-history":[{"count":2,"href":"https:\/\/www.sorema.com\/es\/wp-json\/wp\/v2\/pages\/1996\/revisions"}],"predecessor-version":[{"id":2455,"href":"https:\/\/www.sorema.com\/es\/wp-json\/wp\/v2\/pages\/1996\/revisions\/2455"}],"up":[{"embeddable":true,"href":"https:\/\/www.sorema.com\/es\/wp-json\/wp\/v2\/pages\/1987"}],"wp:attachment":[{"href":"https:\/\/www.sorema.com\/es\/wp-json\/wp\/v2\/media?parent=1996"}],"curies":[{"name":"wp","href":"https:\/\/api.w.org\/{rel}","templated":true}]}}