{"id":1999,"date":"2018-09-17T12:32:57","date_gmt":"2018-09-17T10:32:57","guid":{"rendered":"https:\/\/www.sorema.com\/nuestras-marcas\/hitema\/"},"modified":"2018-09-17T17:10:06","modified_gmt":"2018-09-17T15:10:06","slug":"hitema","status":"publish","type":"page","link":"https:\/\/www.sorema.com\/es\/nuestras-marcas\/hitema\/","title":{"rendered":"Hitema"},"content":{"rendered":"<h2>La marca Hitema<\/h2>\n<p><img loading=\"lazy\" decoding=\"async\" class=\"alignleft wp-image-1470 size-full\" src=\"https:\/\/www.sorema.com\/wp-content\/uploads\/2018\/05\/logo-hitema.png\" alt=\"\" width=\"174\" height=\"60\" \/><strong>El especialista en enfriamiento de agua SOREMA tambi\u00e9n es el distribuidor exclusivo en Francia de los grupos de agua helada HITEMA.<\/strong><\/p>\n<p>HITEMA es especialista en la fabricaci\u00f3n de soluciones de enfriamiento industriales y de climatizaci\u00f3n.<\/p>\n<p>Desde su fundaci\u00f3n hace 25 a\u00f1os, HITEMA ha comercializado sus productos en todo el mundo y se ha consolidado como una de las empresas l\u00edderes en la concepci\u00f3n de equipos de control de temperatura.<\/p>\n<p>HITEMA ofrece productos de gran calidad, disponibles en versiones creadas a medida.<\/p>\n<h2>Descubra los productos de la marca Hitema<\/h2>\n<p><a href=\"https:\/\/www.sorema.com\/es\/gamme\/enfriadores-de-agua-y-procesos\/enfriadores-de-agua-estandar\/\">Enfriadores de agua est\u00e1ndar<\/a><\/p>\n","protected":false},"excerpt":{"rendered":"<p>La marca Hitema El especialista en enfriamiento de agua SOREMA tambi\u00e9n es el distribuidor exclusivo en Francia de los grupos de agua helada HITEMA. HITEMA es especialista en la fabricaci\u00f3n&#8230;<\/p>\n","protected":false},"author":1,"featured_media":0,"parent":1987,"menu_order":0,"comment_status":"closed","ping_status":"closed","template":"page_defaut_refroidisseurs.php","meta":{"footnotes":""},"class_list":["post-1999","page","type-page","status-publish","hentry"],"_links":{"self":[{"href":"https:\/\/www.sorema.com\/es\/wp-json\/wp\/v2\/pages\/1999","targetHints":{"allow":["GET"]}}],"collection":[{"href":"https:\/\/www.sorema.com\/es\/wp-json\/wp\/v2\/pages"}],"about":[{"href":"https:\/\/www.sorema.com\/es\/wp-json\/wp\/v2\/types\/page"}],"author":[{"embeddable":true,"href":"https:\/\/www.sorema.com\/es\/wp-json\/wp\/v2\/users\/1"}],"replies":[{"embeddable":true,"href":"https:\/\/www.sorema.com\/es\/wp-json\/wp\/v2\/comments?post=1999"}],"version-history":[{"count":1,"href":"https:\/\/www.sorema.com\/es\/wp-json\/wp\/v2\/pages\/1999\/revisions"}],"predecessor-version":[{"id":2152,"href":"https:\/\/www.sorema.com\/es\/wp-json\/wp\/v2\/pages\/1999\/revisions\/2152"}],"up":[{"embeddable":true,"href":"https:\/\/www.sorema.com\/es\/wp-json\/wp\/v2\/pages\/1987"}],"wp:attachment":[{"href":"https:\/\/www.sorema.com\/es\/wp-json\/wp\/v2\/media?parent=1999"}],"curies":[{"name":"wp","href":"https:\/\/api.w.org\/{rel}","templated":true}]}}